{"id":45,"date":"2024-07-18T16:05:17","date_gmt":"2024-07-18T16:05:17","guid":{"rendered":"https:\/\/demo.casethemes.net\/medicross\/?page_id=45"},"modified":"2025-09-26T04:53:09","modified_gmt":"2025-09-26T04:53:09","slug":"haufig-gestellte-fragen","status":"publish","type":"page","link":"https:\/\/estecityhair.com\/de\/haufig-gestellte-fragen\/","title":{"rendered":"H\u00e4ufig gestellte Fragen"},"content":{"rendered":"<div data-elementor-type=\"wp-page\" data-elementor-id=\"45\" class=\"elementor elementor-45\">\n\t\t\t\t        <section class=\"elementor-section elementor-top-section elementor-element elementor-element-34d533a elementor-section-stretched elementor-section-boxed elementor-section-height-default elementor-section-height-default pxl-row-scroll-none pxl-zoom-point-false pxl-section-overflow-visible\" data-id=\"34d533a\" data-element_type=\"section\" data-settings=\"{&quot;stretch_section&quot;:&quot;section-stretched&quot;}\">\n\n                \n                <div class=\"elementor-container elementor-column-gap-extended\">\n                <div class=\"elementor-column elementor-col-100 elementor-top-column elementor-element elementor-element-cd2da59 pxl-column-none\" data-id=\"cd2da59\" data-element_type=\"column\" data-settings=\"{&quot;background_background&quot;:&quot;classic&quot;}\">\r\n        <div class=\"elementor-widget-wrap elementor-element-populated\">\r\n                                <div class=\"elementor-background-overlay\"><\/div>\r\n         \r\n                <section class=\"elementor-section elementor-inner-section elementor-element elementor-element-28e68da elementor-section-content-bottom elementor-section-boxed elementor-section-height-default elementor-section-height-default pxl-row-scroll-none pxl-zoom-point-false pxl-section-overflow-visible\" data-id=\"28e68da\" data-element_type=\"section\">\n\n                \n                <div class=\"elementor-container elementor-column-gap-extended\">\n                <div class=\"elementor-column elementor-col-100 elementor-inner-column elementor-element elementor-element-36733fa pxl-column-none pxl-column-overflow-hidden-no\" data-id=\"36733fa\" data-element_type=\"column\">\r\n        <div class=\"elementor-widget-wrap elementor-element-populated\">\r\n                     \r\n        \t\t<div class=\"elementor-element elementor-element-1279881 elementor-widget__width-auto elementor-widget elementor-widget-pxl_heading\" data-id=\"1279881\" data-element_type=\"widget\" data-widget_type=\"pxl_heading.default\">\n\t\t\t\t<div class=\"elementor-widget-container\">\n\t\t\t\t\t\n<div id=\"pxl-pxl_heading-1279881-3754\" class=\"pxl-heading px-sub-title-default-style\">\n\t<div class=\"pxl-heading--inner\">\n\t\t\n\t\t<h3 class=\"pxl-item--title style-default  highlight-default\" data-wow-delay=\"ms\">\n\t\t\t\t\tH\u00e4ufig gestellte Fragen\t\n\t\t\t\n\t\t<\/h3>\n\t\t\n\t<\/div>\n<\/div>\t\t\t\t<\/div>\n\t\t\t\t<\/div>\n\t\t            <\/div>\r\n        <\/div>\r\n        \t\t\t<\/div>\n\t\t<\/section>\n\t\t            <\/div>\r\n        <\/div>\r\n        \t\t\t<\/div>\n\t\t<\/section>\n\t\t        <section class=\"elementor-section elementor-top-section elementor-element elementor-element-8840acd elementor-section-stretched elementor-section-boxed elementor-section-height-default elementor-section-height-default pxl-row-scroll-none pxl-zoom-point-false pxl-section-overflow-visible\" data-id=\"8840acd\" data-element_type=\"section\" data-settings=\"{&quot;stretch_section&quot;:&quot;section-stretched&quot;}\">\n\n                \n                <div class=\"elementor-container elementor-column-gap-extended\">\n                <div class=\"elementor-column elementor-col-100 elementor-top-column elementor-element elementor-element-b86f428 pxl-column-none\" data-id=\"b86f428\" data-element_type=\"column\">\r\n        <div class=\"elementor-widget-wrap elementor-element-populated\">\r\n                                <div class=\"elementor-background-overlay\"><\/div>\r\n         \r\n                <section class=\"elementor-section elementor-inner-section elementor-element elementor-element-633996a elementor-section-content-middle elementor-section-boxed elementor-section-height-default elementor-section-height-default pxl-row-scroll-none pxl-zoom-point-false pxl-section-overflow-visible\" data-id=\"633996a\" data-element_type=\"section\">\n\n                \n                <div class=\"elementor-container elementor-column-gap-extended\">\n                <div class=\"elementor-column elementor-col-50 elementor-inner-column elementor-element elementor-element-0aeac1a pxl-column-none pxl-column-overflow-hidden-no\" data-id=\"0aeac1a\" data-element_type=\"column\">\r\n        <div class=\"elementor-widget-wrap elementor-element-populated\">\r\n                     \r\n        \t\t<div class=\"elementor-element elementor-element-355e58b elementor-widget elementor-widget-pxl_text_editor\" data-id=\"355e58b\" data-element_type=\"widget\" data-widget_type=\"pxl_text_editor.default\">\n\t\t\t\t<div class=\"elementor-widget-container\">\n\t\t\t\t\t<div class=\"pxl-text-editor default\">\n\t<div class=\"pxl-item--inner  ft-gt\" data-wow-delay=\"ms\">\n\t\t<p>Was du dich fragst, was dir durch den Kopf geht und mehr<\/p>\t\t\n\t<\/div>\n<\/div>\t\t\t\t<\/div>\n\t\t\t\t<\/div>\n\t\t            <\/div>\r\n        <\/div>\r\n                <div class=\"elementor-column elementor-col-50 elementor-inner-column elementor-element elementor-element-c8f13de pxl-column-none pxl-column-overflow-hidden-no\" data-id=\"c8f13de\" data-element_type=\"column\">\r\n        <div class=\"elementor-widget-wrap elementor-element-populated\">\r\n                     \r\n        \t\t<div class=\"elementor-element elementor-element-58303f8 elementor-widget__width-auto ft-gt elementor-widget elementor-widget-pxl_icon_box\" data-id=\"58303f8\" data-element_type=\"widget\" data-widget_type=\"pxl_icon_box.default\">\n\t\t\t\t<div class=\"elementor-widget-container\">\n\t\t\t\t\t<div class=\"pxl-icon-box pxl-icon-box1 style-2 ani3\" data-wow-delay=\"ms\">\r\n    <div class=\"pxl-item--inner\">\r\n        \r\n                            <div class=\"pxl-item--icon\">\r\n                                    <a href=\"https:\/\/api.whatsapp.com\/send\/?phone=905461800012&amp;text=Merhabalar%2C%0AEstecityHair+Klini%C4%9Fe+Ho%C5%9F+Geldiniz%21+%3A%29%0ASizlere+Nas%C4%B1l+Yard%C4%B1mc%C4%B1+Olabiliriz+%3F&amp;type=phone_number&amp;app_absent=0\">\r\n                                        <svg xmlns=\"http:\/\/www.w3.org\/2000\/svg\" width=\"32\" height=\"32\" fill=\"#000000\" viewbox=\"0 0 256 256\"><path d=\"M152,96V56a8,8,0,0,1,16,0V76.69l34.34-34.35a8,8,0,0,1,11.32,11.32L179.32,88H200a8,8,0,0,1,0,16H160A8,8,0,0,1,152,96Zm79.88,79.08A56.26,56.26,0,0,1,176,224C96.6,224,32,159.4,32,80A56.24,56.24,0,0,1,80.92,24.13a16,16,0,0,1,16.62,9.51l21.12,47.15,0,.12A16,16,0,0,1,117.39,96c-.18.27-.37.52-.57.77L96,121.45c7.49,15.22,23.41,31,38.83,38.51l24.34-20.71a8.12,8.12,0,0,1,.75-.56,16,16,0,0,1,15.17-1.4l.13.06,47.11,21.11A16,16,0,0,1,231.88,175.08Zm-15.88-2s-.07,0-.11,0h0l-47-21.05-24.35,20.71a6.84,6.84,0,0,1-.74.56,16,16,0,0,1-15.75,1.14c-18.73-9.05-37.4-27.58-46.46-46.11a16,16,0,0,1,1-15.7,6.13,6.13,0,0,1,.57-.77L104,87.15l-21-47a.61.61,0,0,1,0-.12A40.2,40.2,0,0,0,48,80,128.14,128.14,0,0,0,176,208,40.21,40.21,0,0,0,216,173.07Z\"><\/path><\/svg>                                        <\/a>\r\n                            <\/div>\r\n                        <div class=\"pxl-item--meta\">\r\n            <h5 class=\"pxl-item--title el-empty\">\r\n                        Schreiben Sie uns                        <\/h5>\r\n            <div class=\"pxl-item--description el-empty\"> WhatsApp +05461800012<\/div>\r\n        <\/div>\r\n    <\/div>\r\n<\/div>\t\t\t\t<\/div>\n\t\t\t\t<\/div>\n\t\t            <\/div>\r\n        <\/div>\r\n        \t\t\t<\/div>\n\t\t<\/section>\n\t\t            <\/div>\r\n        <\/div>\r\n        \t\t\t<\/div>\n\t\t<\/section>\n\t\t        <section class=\"elementor-section elementor-top-section elementor-element elementor-element-1ec7391 elementor-section-stretched pxl-row-scroll-fixed elementor-section-boxed elementor-section-height-default elementor-section-height-default pxl-zoom-point-false pxl-section-overflow-visible\" data-id=\"1ec7391\" data-element_type=\"section\" data-settings=\"{&quot;stretch_section&quot;:&quot;section-stretched&quot;}\">\n\n                \n                <div class=\"elementor-container elementor-column-gap-extended\">\n                <div class=\"elementor-column elementor-col-50 elementor-top-column elementor-element elementor-element-d641708 pxl-column-none pxl-column-overflow-hidden-no\" data-id=\"d641708\" data-element_type=\"column\">\r\n        <div class=\"elementor-widget-wrap elementor-element-populated\">\r\n                     \r\n        \t\t<div class=\"elementor-element elementor-element-96d46eb ft-gt elementor-widget elementor-widget-pxl_heading\" data-id=\"96d46eb\" data-element_type=\"widget\" data-widget_type=\"pxl_heading.default\">\n\t\t\t\t<div class=\"elementor-widget-container\">\n\t\t\t\t\t\n<div id=\"pxl-pxl_heading-96d46eb-1601\" class=\"pxl-heading px-sub-title-default-style\">\n\t<div class=\"pxl-heading--inner\">\n\t\t\n\t\t<h3 class=\"pxl-item--title style-default ft-gt highlight-default pxl-split-text split-in-fade\" data-wow-delay=\"ms\">\n\t\t\t\t\tH\u00e4ufig gestellte Fragen\t\n\t\t\t\n\t\t<\/h3>\n\t\t\n\t<\/div>\n<\/div>\t\t\t\t<\/div>\n\t\t\t\t<\/div>\n\t\t\t\t<div class=\"elementor-element elementor-element-df11753 elementor-widget elementor-widget-pxl_accordion\" data-id=\"df11753\" data-element_type=\"widget\" data-widget_type=\"pxl_accordion.default\">\n\t\t\t\t<div class=\"elementor-widget-container\">\n\t\t\t\t\t    <div class=\"pxl-accordion pxl-accordion1 style1\" data-wow-delay=\"ms\">\r\n                    <div class=\"pxl--item  active\">\r\n                                \r\n                <h5 class=\"pxl-accordion--title\" data-target=\"#pxl_accordion-df11753-9149-98960d6\">\r\n                                <span class=\"pxl-title--text pxl-pr-20\">Ist eine Haartransplantation dauerhaft?<\/span>\r\n\r\n                <i class=\"pxl-icon--plus pxl-r-9\"><\/i> \r\n\r\n                \r\n                <\/h5>\r\n                <div id=\"pxl_accordion-df11753-9149-98960d6\" class=\"pxl-accordion--content\" style=\"display: block;\">\r\n                    Ja, die Haartransplantation ist ein dauerhaftes Verfahren. Die bei der Transplantation verwendeten Haarfollikel werden aus dem Nackenbereich entnommen, der genetisch resistent gegen Haarausfall ist. Diese Follikel wachsen an ihrem neuen Platz ein Leben lang weiter, ohne auszufallen. Mit der richtigen Technik und der richtigen Pflege wird diese Dauerhaftigkeit lebenslang.<br \/>\n<br \/>\n                <\/div>\r\n                                            <\/div>\r\n                    <div class=\"pxl--item\">\r\n                                \r\n                <h5 class=\"pxl-accordion--title\" data-target=\"#pxl_accordion-df11753-9149-4a226d1\">\r\n                                <span class=\"pxl-title--text pxl-pr-20\">Ist eine Haartransplantation schmerzhaft?<\/span>\r\n\r\n                <i class=\"pxl-icon--plus pxl-r-9\"><\/i> \r\n\r\n                \r\n                <\/h5>\r\n                <div id=\"pxl_accordion-df11753-9149-4a226d1\" class=\"pxl-accordion--content\" >\r\n                    Nein, ist es nicht. Die Haartransplantation wird unter \u00f6rtlicher Bet\u00e4ubung durchgef\u00fchrt. W\u00e4hrend des Eingriffs sind weder Schmerzen noch Beschwerden zu sp\u00fcren. Ein leichtes Gef\u00fchl von Empfindlichkeit und Juckreiz nach dem Eingriff ist normal und vergeht nach kurzer Zeit.<br \/>\n<br \/>\n                <\/div>\r\n                                            <\/div>\r\n                    <div class=\"pxl--item\">\r\n                                \r\n                <h5 class=\"pxl-accordion--title\" data-target=\"#pxl_accordion-df11753-9149-270b63f\">\r\n                                <span class=\"pxl-title--text pxl-pr-20\">Wann w\u00e4chst das transplantierte Haar?<\/span>\r\n\r\n                <i class=\"pxl-icon--plus pxl-r-9\"><\/i> \r\n\r\n                \r\n                <\/h5>\r\n                <div id=\"pxl_accordion-df11753-9149-270b63f\" class=\"pxl-accordion--content\" >\r\n                    In den ersten 2-3 Wochen nach der Haartransplantation kommt es zu einem vor\u00fcbergehenden Verlust (Schockverlust). Das ist normal. Neue Haare beginnen ab dem 3. Monat zu wachsen, werden im 6. Monat sichtbar und im 12.<br \/>\n<br \/>\n                <\/div>\r\n                                            <\/div>\r\n                    <div class=\"pxl--item\">\r\n                                \r\n                <h5 class=\"pxl-accordion--title\" data-target=\"#pxl_accordion-df11753-9149-e21f6c2\">\r\n                                <span class=\"pxl-title--text pxl-pr-20\">Kann jeder eine Haartransplantation erhalten?<\/span>\r\n\r\n                <i class=\"pxl-icon--plus pxl-r-9\"><\/i> \r\n\r\n                \r\n                <\/h5>\r\n                <div id=\"pxl_accordion-df11753-9149-e21f6c2\" class=\"pxl-accordion--content\" >\r\n                    Die Grundvoraussetzung f\u00fcr eine Haartransplantation ist das Vorhandensein von ausreichend und qualitativ hochwertigen Grafts im Spenderbereich im Nackenbereich. Die Eignung je nach Art des Haarausfalls, Alter, Gesundheitszustand und Erwartungen wird unter fachkundiger Kontrolle beurteilt.<br \/>\n<br \/>\n                <\/div>\r\n                                            <\/div>\r\n                    <div class=\"pxl--item\">\r\n                                \r\n                <h5 class=\"pxl-accordion--title\" data-target=\"#pxl_accordion-df11753-9149-998a38c\">\r\n                                <span class=\"pxl-title--text pxl-pr-20\">K\u00f6nnen Frauen eine Haartransplantation erhalten?<\/span>\r\n\r\n                <i class=\"pxl-icon--plus pxl-r-9\"><\/i> \r\n\r\n                \r\n                <\/h5>\r\n                <div id=\"pxl_accordion-df11753-9149-998a38c\" class=\"pxl-accordion--content\" >\r\n                    Ja, die Haartransplantation ist nicht nur f\u00fcr M\u00e4nner geeignet. Auch Personen mit weiblichem Haarausfall k\u00f6nnen sich mit einer speziellen Planung und Technik (z. B. unrasierte DHI) erfolgreich einer Haartransplantation unterziehen.<br \/>\n<br \/>\n                <\/div>\r\n                                            <\/div>\r\n                    <div class=\"pxl--item\">\r\n                                \r\n                <h5 class=\"pxl-accordion--title\" data-target=\"#pxl_accordion-df11753-9149-6c60aeb\">\r\n                                <span class=\"pxl-title--text pxl-pr-20\">Gibt es Narben nach einer Haartransplantation?<\/span>\r\n\r\n                <i class=\"pxl-icon--plus pxl-r-9\"><\/i> \r\n\r\n                \r\n                <\/h5>\r\n                <div id=\"pxl_accordion-df11753-9149-6c60aeb\" class=\"pxl-accordion--content\" >\r\n                    Bei FUE- und DHI-Haartransplantationen, die mit modernen Methoden durchgef\u00fchrt werden, gibt es keine sichtbaren Narben. Da die Grafts einzeln mit Mikromotoren entnommen werden, erfolgt die Heilung schnell und die Haut regeneriert sich in kurzer Zeit.<br \/>\n<br \/>\n                <\/div>\r\n                                            <\/div>\r\n                    <div class=\"pxl--item\">\r\n                                \r\n                <h5 class=\"pxl-accordion--title\" data-target=\"#pxl_accordion-df11753-9149-da65d25\">\r\n                                <span class=\"pxl-title--text pxl-pr-20\">Worauf muss ich nach einer Haartransplantation achten?<\/span>\r\n\r\n                <i class=\"pxl-icon--plus pxl-r-9\"><\/i> \r\n\r\n                \r\n                <\/h5>\r\n                <div id=\"pxl_accordion-df11753-9149-da65d25\" class=\"pxl-accordion--content\" >\r\n                    - Der Haarbereich sollte in den ersten 10 Tagen vor St\u00f6\u00dfen gesch\u00fctzt werden.<br \/>\n-Das Waschen und die Verabreichung von Medikamenten sollte gem\u00e4\u00df den Anweisungen erfolgen.<br \/>\n-Alkohol, Rauchen, schwerer Sport und Meer sollten in den ersten Wochen vermieden werden.<br \/>\nDer Prozess kann durch unterst\u00fctzende Anwendungen wie -PRP\/Mesotherapie beschleunigt werden.                <\/div>\r\n                                            <\/div>\r\n                    <div class=\"pxl--item\">\r\n                                \r\n                <h5 class=\"pxl-accordion--title\" data-target=\"#pxl_accordion-df11753-9149-d95408d\">\r\n                                <span class=\"pxl-title--text pxl-pr-20\">Wie lange dauert das Verfahren?<\/span>\r\n\r\n                <i class=\"pxl-icon--plus pxl-r-9\"><\/i> \r\n\r\n                \r\n                <\/h5>\r\n                <div id=\"pxl_accordion-df11753-9149-d95408d\" class=\"pxl-accordion--content\" >\r\n                    Sie dauert durchschnittlich 6-8 Stunden. Diese Zeit variiert je nach Anzahl der zu transplantierenden Grafts und der Technik. Nach dem Eingriff kann der Patient noch am selben Tag nach Hause gehen.<br \/>\n<br \/>\n                <\/div>\r\n                                            <\/div>\r\n                    <div class=\"pxl--item\">\r\n                                \r\n                <h5 class=\"pxl-accordion--title\" data-target=\"#pxl_accordion-df11753-9149-1a3f403\">\r\n                                <span class=\"pxl-title--text pxl-pr-20\"> Wann kann ich nach einer Haartransplantation wieder zur Arbeit gehen?<\/span>\r\n\r\n                <i class=\"pxl-icon--plus pxl-r-9\"><\/i> \r\n\r\n                \r\n                <\/h5>\r\n                <div id=\"pxl_accordion-df11753-9149-1a3f403\" class=\"pxl-accordion--content\" >\r\n                    Die meisten Patienten k\u00f6nnen innerhalb von 2-3 Tagen wieder zur Arbeit gehen. Was jedoch das \u00e4u\u00dfere Erscheinungsbild betrifft<br \/>\nWer es sich bequem machen will, zieht vielleicht eine einw\u00f6chige Ruhezeit vor.                <\/div>\r\n                                            <\/div>\r\n                    <div class=\"pxl--item\">\r\n                                \r\n                <h5 class=\"pxl-accordion--title\" data-target=\"#pxl_accordion-df11753-9149-38d226f\">\r\n                                <span class=\"pxl-title--text pxl-pr-20\">Sieht transplantiertes Haar nat\u00fcrlich aus?<\/span>\r\n\r\n                <i class=\"pxl-icon--plus pxl-r-9\"><\/i> \r\n\r\n                \r\n                <\/h5>\r\n                <div id=\"pxl_accordion-df11753-9149-38d226f\" class=\"pxl-accordion--content\" >\r\n                    Eindeutig ja. Bei Haartransplantationen, die von Expertenhand durchgef\u00fchrt werden, werden der Haaransatz und der Transplantationswinkel speziell f\u00fcr die jeweilige Person entworfen. Dies sorgt f\u00fcr ein v\u00f6llig nat\u00fcrliches und individuelles Aussehen.<br \/>\n<br \/>\n                <\/div>\r\n                                            <\/div>\r\n            <\/div>\r\n    \t\t\t\t<\/div>\n\t\t\t\t<\/div>\n\t\t            <\/div>\r\n        <\/div>\r\n                <div class=\"elementor-column elementor-col-50 elementor-top-column elementor-element elementor-element-ebe91f6 pxl-column-sticky pxl-column-overflow-hidden-no\" data-id=\"ebe91f6\" data-element_type=\"column\">\r\n        <div class=\"elementor-widget-wrap elementor-element-populated\">\r\n                     \r\n                <section class=\"elementor-section elementor-inner-section elementor-element elementor-element-ae296e3 elementor-section-boxed elementor-section-height-default elementor-section-height-default pxl-row-scroll-none pxl-zoom-point-false pxl-section-overflow-visible\" data-id=\"ae296e3\" data-element_type=\"section\" data-settings=\"{&quot;background_background&quot;:&quot;classic&quot;}\">\n\n                \n                <div class=\"elementor-container elementor-column-gap-default\">\n                <div class=\"elementor-column elementor-col-100 elementor-inner-column elementor-element elementor-element-94b8de5 pxl-column-none pxl-column-overflow-hidden-no\" data-id=\"94b8de5\" data-element_type=\"column\">\r\n        <div class=\"elementor-widget-wrap elementor-element-populated\">\r\n                     \r\n        \t\t<div class=\"elementor-element elementor-element-45c22ef elementor-widget elementor-widget-pxl_heading\" data-id=\"45c22ef\" data-element_type=\"widget\" data-widget_type=\"pxl_heading.default\">\n\t\t\t\t<div class=\"elementor-widget-container\">\n\t\t\t\t\t\n<div id=\"pxl-pxl_heading-45c22ef-8967\" class=\"pxl-heading px-sub-title-default-style\">\n\t<div class=\"pxl-heading--inner\">\n\t\t\n\t\t<h3 class=\"pxl-item--title style-default  highlight-default\" data-wow-delay=\"ms\">\n\t\t\t\t\tKontakt <\/br>\nBesuchen Sie uns\n\t\n\t\t\t\n\t\t<\/h3>\n\t\t\n\t<\/div>\n<\/div>\t\t\t\t<\/div>\n\t\t\t\t<\/div>\n\t\t\t\t<div class=\"elementor-element elementor-element-2d5c1df elementor-widget elementor-widget-pxl_icon_box\" data-id=\"2d5c1df\" data-element_type=\"widget\" data-widget_type=\"pxl_icon_box.default\">\n\t\t\t\t<div class=\"elementor-widget-container\">\n\t\t\t\t\t<div class=\"pxl-icon-box pxl-icon-box1 style-2 ani3\" data-wow-delay=\"ms\">\r\n    <div class=\"pxl-item--inner\">\r\n        \r\n                            <div class=\"pxl-item--icon\">\r\n                                    <svg xmlns=\"http:\/\/www.w3.org\/2000\/svg\" width=\"32\" height=\"32\" fill=\"#000000\" viewbox=\"0 0 256 256\"><path d=\"M128,64a40,40,0,1,0,40,40A40,40,0,0,0,128,64Zm0,64a24,24,0,1,1,24-24A24,24,0,0,1,128,128Zm0-112a88.1,88.1,0,0,0-88,88c0,31.4,14.51,64.68,42,96.25a254.19,254.19,0,0,0,41.45,38.3,8,8,0,0,0,9.18,0A254.19,254.19,0,0,0,174,200.25c27.45-31.57,42-64.85,42-96.25A88.1,88.1,0,0,0,128,16Zm0,206c-16.53-13-72-60.75-72-118a72,72,0,0,1,144,0C200,161.23,144.53,209,128,222Z\"><\/path><\/svg>                                <\/div>\r\n                        <div class=\"pxl-item--meta\">\r\n            <h5 class=\"pxl-item--title el-empty\">\r\n                        Unsere Adresse                        <\/h5>\r\n            <div class=\"pxl-item--description el-empty\">Istanbul \/ Sisli<\/div>\r\n        <\/div>\r\n    <\/div>\r\n<\/div>\t\t\t\t<\/div>\n\t\t\t\t<\/div>\n\t\t\t\t<div class=\"elementor-element elementor-element-445e125 elementor-widget elementor-widget-pxl_icon_box\" data-id=\"445e125\" data-element_type=\"widget\" data-widget_type=\"pxl_icon_box.default\">\n\t\t\t\t<div class=\"elementor-widget-container\">\n\t\t\t\t\t<div class=\"pxl-icon-box pxl-icon-box1 style-2 ani3\" data-wow-delay=\"ms\">\r\n    <div class=\"pxl-item--inner\">\r\n        \r\n                            <div class=\"pxl-item--icon\">\r\n                                    <svg xmlns=\"http:\/\/www.w3.org\/2000\/svg\" width=\"32\" height=\"32\" fill=\"#000000\" viewbox=\"0 0 256 256\"><path d=\"M168,112a8,8,0,0,1-8,8H96a8,8,0,0,1,0-16h64A8,8,0,0,1,168,112Zm-8,24H96a8,8,0,0,0,0,16h64a8,8,0,0,0,0-16Zm72-12A100.11,100.11,0,0,1,132,224H47.67A15.69,15.69,0,0,1,32,208.33V124a100,100,0,0,1,200,0Zm-16,0a84,84,0,0,0-168,0v84h84A84.09,84.09,0,0,0,216,124Z\"><\/path><\/svg>                                <\/div>\r\n                        <div class=\"pxl-item--meta\">\r\n            <h5 class=\"pxl-item--title el-empty\">\r\n                        E-Mail und Kontakt                        <\/h5>\r\n            <div class=\"pxl-item--description el-empty\">Unsere Mail-Adresse: estecityhair@gmail.com\n<br>\nWhatsApp: 05461800012<\/div>\r\n        <\/div>\r\n    <\/div>\r\n<\/div>\t\t\t\t<\/div>\n\t\t\t\t<\/div>\n\t\t\t\t<div class=\"elementor-element elementor-element-9f90e5e ft-gt elementor-widget elementor-widget-pxl_button\" data-id=\"9f90e5e\" data-element_type=\"widget\" data-widget_type=\"pxl_button.default\">\n\t\t\t\t<div class=\"elementor-widget-container\">\n\t\t\t\t\t<div id=\"pxl-pxl_button-9f90e5e-2639\" class=\"pxl-button pxl-atc-link\" data-wow-delay=\"ms\">\r\n    <a href=\"https:\/\/estecityhair.com\/de\/kommunikation\/\" class=\"btn  btn-glossy btn-default  bg-default full pxl-icon--right\" data-wow-delay=\"ms\" data-target=\".pxl-page-popup-template-0\">\r\n                    <svg xmlns=\"http:\/\/www.w3.org\/2000\/svg\" viewbox=\"0 0 24 24\" width=\"512\" style=\"transform:scalex(-1);height:auto;\" data-name=\"Layer 2\"><path d=\"m22 11h-17.586l5.293-5.293a1 1 0 1 0 -1.414-1.414l-7 7a1 1 0 0 0 0 1.414l7 7a1 1 0 0 0 1.414-1.414l-5.293-5.293h17.586a1 1 0 0 0 0-2z\"><\/path><\/svg>                        <span class=\"pxl--btn-text\" data-text=\"\u0130leti\u015fim Formu\">\r\n                        Kontakt-Formular        <\/span>\r\n    <\/a>\r\n<\/div>\t\t\t\t<\/div>\n\t\t\t\t<\/div>\n\t\t            <\/div>\r\n        <\/div>\r\n        \t\t\t<\/div>\n\t\t<\/section>\n\t\t            <\/div>\r\n        <\/div>\r\n        \t\t\t<\/div>\n\t\t<\/section>\n\t\t\t\t<\/div>","protected":false},"excerpt":{"rendered":"<p>S\u0131k\u00e7a Sorulan Sorular Merak ettikleriniz, akl\u0131n\u0131za tak\u0131lanlar ve daha fazlas\u0131 Bize Yaz\u0131n WhatsApp +05461800012 S\u0131k\u00e7a Sorulan Sorular Sa\u00e7 ekimi kal\u0131c\u0131 m\u0131d\u0131r? Evet, sa\u00e7 ekimi kal\u0131c\u0131 bir i\u015flemdir. Ekim s\u0131ras\u0131nda kullan\u0131lan sa\u00e7 k\u00f6kleri genetik olarak d\u00f6k\u00fclmeye diren\u00e7li olan ense b\u00f6lgesinden al\u0131n\u0131r. Bu k\u00f6kler, yeni yerlerinde de d\u00f6k\u00fclmeden \u00f6m\u00fcr boyu uzamaya devam eder. Uygun teknikle ve do\u011fru [&hellip;]<\/p>","protected":false},"author":1,"featured_media":0,"parent":0,"menu_order":0,"comment_status":"closed","ping_status":"closed","template":"","meta":{"_joinchat":[],"footnotes":""},"class_list":["post-45","page","type-page","status-publish","hentry"],"_links":{"self":[{"href":"https:\/\/estecityhair.com\/de\/wp-json\/wp\/v2\/pages\/45","targetHints":{"allow":["GET"]}}],"collection":[{"href":"https:\/\/estecityhair.com\/de\/wp-json\/wp\/v2\/pages"}],"about":[{"href":"https:\/\/estecityhair.com\/de\/wp-json\/wp\/v2\/types\/page"}],"author":[{"embeddable":true,"href":"https:\/\/estecityhair.com\/de\/wp-json\/wp\/v2\/users\/1"}],"replies":[{"embeddable":true,"href":"https:\/\/estecityhair.com\/de\/wp-json\/wp\/v2\/comments?post=45"}],"version-history":[{"count":13,"href":"https:\/\/estecityhair.com\/de\/wp-json\/wp\/v2\/pages\/45\/revisions"}],"predecessor-version":[{"id":14938,"href":"https:\/\/estecityhair.com\/de\/wp-json\/wp\/v2\/pages\/45\/revisions\/14938"}],"wp:attachment":[{"href":"https:\/\/estecityhair.com\/de\/wp-json\/wp\/v2\/media?parent=45"}],"curies":[{"name":"wp","href":"https:\/\/api.w.org\/{rel}","templated":true}]}}